{"id":1600,"date":"2015-09-09T08:31:19","date_gmt":"2015-09-09T08:31:19","guid":{"rendered":"http:\/\/pitch.select-themes.com\/?page_id=1600"},"modified":"2024-08-21T17:26:49","modified_gmt":"2024-08-21T17:26:49","slug":"contactos","status":"publish","type":"page","link":"http:\/\/eletrico28.pt\/pt-pt\/contactos\/","title":{"rendered":"Contactos"},"content":{"rendered":"<p>[vc_row row_type=&#8221;row&#8221; use_row_as_full_screen_section=&#8221;no&#8221; type=&#8221;full_width&#8221; text_align=&#8221;left&#8221; css_animation=&#8221;&#8221; box_shadow_on_row=&#8221;no&#8221;][vc_column][vc_empty_space height=&#8221;50px&#8221; image_repeat=&#8221;no-repeat&#8221;]<div class=\"q_separator_with_icon with_icon  center \" style=\"margin-bottom:30px\"><div class=\"q_icon_holder\" style=\"bottom:-21px;\"><div class=\"q_separator_icon_holder\"><div class=\"q_line_before\"  style=\"border-color: #e5e5e5;width:200px;border-style: solid;\"><\/div><span class=\"q_icon_shade q_icon_shortcode font_awesome normal   \"  ><i class=\"qode_icon_font_awesome fa fa-address-book \" style=\"font-size: 42px;line-height:44px; \" ><\/i><\/span><div class=\"q_line_after\"  style=\"border-color: #e5e5e5;width:200px;border-style: solid;\"><\/div><\/div><\/div><\/div>[\/vc_column][\/vc_row][vc_row row_type=&#8221;row&#8221; use_row_as_full_screen_section=&#8221;no&#8221; type=&#8221;grid&#8221; text_align=&#8221;left&#8221; padding_top=&#8221;51&#8243; padding_bottom=&#8221;15&#8243; css_animation=&#8221;&#8221; box_shadow_on_row=&#8221;no&#8221; oblique_section=&#8221;no&#8221; triangle_shape=&#8221;no&#8221;][vc_column offset=&#8221;vc_col-md-6 vc_col-xs-12&#8243;][vc_separator type=&#8221;transparent&#8221; up=&#8221;-5&#8243; up_style=&#8221;px&#8221; down=&#8221;0&#8243; down_style=&#8221;px&#8221;]<div class=\"custom_font_holder\" style=\"font-family: Montserrat; font-size: 25px; line-height: 30px; font-style: normal; font-weight: 700; color: #2e2e2e; text-decoration: none; letter-spacing: -0.5px;; text-transform: none; text-align: left\" data-font-size=25 data-line-height=30 ><div  ><p>Contacte-nos e descubra o que podemos fazer pela sua empresa!<\/p>\n<\/div><\/div>[vc_separator type=&#8221;transparent&#8221; up=&#8221;18&#8243; up_style=&#8221;px&#8221; down=&#8221;0&#8243; down_style=&#8221;px&#8221;][vc_column_text]<strong>Somos uma ag\u00eancia de Design, Comunica\u00e7\u00e3o e TI que se orgulha em desenvolver estrat\u00e9gias integradas para a cria\u00e7\u00e3o e gest\u00e3o de marcas de sucesso.<\/strong>[\/vc_column_text][vc_separator type=&#8221;transparent&#8221; up=&#8221;16&#8243; up_style=&#8221;px&#8221; down=&#8221;0&#8243; down_style=&#8221;px&#8221;][vc_row_inner row_type=&#8221;row&#8221; type=&#8221;full_width&#8221; use_row_as_full_screen_section_slide=&#8221;no&#8221; text_align=&#8221;left&#8221; padding_top=&#8221;33&#8243; padding_bottom=&#8221;0&#8243; css_animation=&#8221;&#8221; box_shadow_on_row=&#8221;no&#8221;][vc_column_inner width=&#8221;1\/2&#8243;][vc_column_text]<\/p>\n<h6><span style=\"color: #2e2e2e;\">Onde estamos:<\/span><\/h6>\n<p>[\/vc_column_text][vc_separator type=&#8221;transparent&#8221; up=&#8221;10&#8243; up_style=&#8221;px&#8221; down=&#8221;0&#8243; down_style=&#8221;px&#8221;][vc_column_text]Cascais, Portugal[\/vc_column_text][\/vc_column_inner][vc_column_inner width=&#8221;1\/2&#8243; offset=&#8221;vc_hidden-lg vc_hidden-md vc_hidden-sm vc_hidden-xs&#8221;][vc_column_text]<\/p>\n<h6><span style=\"color: #2e2e2e;\">Telm:<\/span><\/h6>\n<p>[\/vc_column_text][vc_separator type=&#8221;transparent&#8221; up=&#8221;10&#8243; up_style=&#8221;px&#8221; down=&#8221;0&#8243; down_style=&#8221;px&#8221;][vc_column_text]962 979 148<\/p>\n<p>[\/vc_column_text][\/vc_column_inner][\/vc_row_inner][\/vc_column][vc_column offset=&#8221;vc_col-md-6 vc_col-xs-12&#8243;]\n<div class=\"wpcf7 no-js\" id=\"wpcf7-f8-o1\" lang=\"pt-PT\" dir=\"ltr\">\n<div class=\"screen-reader-response\"><p role=\"status\" aria-live=\"polite\" aria-atomic=\"true\"><\/p> <ul><\/ul><\/div>\n<form action=\"\/pt-pt\/wp-json\/wp\/v2\/pages\/1600#wpcf7-f8-o1\" method=\"post\" class=\"wpcf7-form init cf7_custom_style_2\" aria-label=\"Formul\u00e1rio de contacto\" novalidate=\"novalidate\" data-status=\"init\">\n<div style=\"display: none;\">\n<input type=\"hidden\" name=\"_wpcf7\" value=\"8\" \/>\n<input type=\"hidden\" name=\"_wpcf7_version\" value=\"5.9.8\" \/>\n<input type=\"hidden\" name=\"_wpcf7_locale\" value=\"pt_PT\" \/>\n<input type=\"hidden\" name=\"_wpcf7_unit_tag\" value=\"wpcf7-f8-o1\" \/>\n<input type=\"hidden\" name=\"_wpcf7_container_post\" value=\"0\" \/>\n<input type=\"hidden\" name=\"_wpcf7_posted_data_hash\" value=\"\" \/>\n<\/div>\n<div class=\"three_columns clearfix\">\n\t<div class=\"column1\">\n\t\t<div class=\"column_inner\">\n\t\t\t<p><span class=\"wpcf7-form-control-wrap\" data-name=\"first-name\"><input size=\"40\" maxlength=\"400\" class=\"wpcf7-form-control wpcf7-text wpcf7-validates-as-required\" aria-required=\"true\" aria-invalid=\"false\" placeholder=\"Nome*\" value=\"\" type=\"text\" name=\"first-name\" \/><\/span>\n\t\t\t<\/p>\n\t\t<\/div>\n\t<\/div>\n\t<div class=\"column2\">\n\t\t<div class=\"column_inner\">\n\t\t\t<p><span class=\"wpcf7-form-control-wrap\" data-name=\"last-name\"><input size=\"40\" maxlength=\"400\" class=\"wpcf7-form-control wpcf7-text\" aria-invalid=\"false\" placeholder=\"Apelido\" value=\"\" type=\"text\" name=\"last-name\" \/><\/span>\n\t\t\t<\/p>\n\t\t<\/div>\n\t<\/div>\n\t<div class=\"column3\">\n\t\t<div class=\"column_inner\">\n\t\t\t<p><span class=\"wpcf7-form-control-wrap\" data-name=\"email\"><input size=\"40\" maxlength=\"100\" class=\"wpcf7-form-control wpcf7-email wpcf7-validates-as-required wpcf7-text wpcf7-validates-as-email\" aria-required=\"true\" aria-invalid=\"false\" placeholder=\"Email*\" value=\"\" type=\"email\" name=\"email\" \/><\/span>\n\t\t\t<\/p>\n\t\t<\/div>\n\t<\/div>\n<\/div>\n<p><span class=\"wpcf7-form-control-wrap\" data-name=\"message\"><textarea cols=\"40\" rows=\"10\" maxlength=\"2000\" class=\"wpcf7-form-control wpcf7-textarea wpcf7-validates-as-required\" aria-required=\"true\" aria-invalid=\"false\" placeholder=\"Mensagem*\" name=\"message\"><\/textarea><\/span>\n<\/p>\n<p><input class=\"wpcf7-form-control wpcf7-submit has-spinner\" type=\"submit\" value=\"Enviar\" \/>\n<\/p><div class=\"wpcf7-response-output\" aria-hidden=\"true\"><\/div>\n<\/form>\n<\/div>\n[vc_empty_space height=&#8221;20px&#8221; image_repeat=&#8221;no-repeat&#8221;][vc_column_text]Os campos assinalados com\u00a0 * s\u00e3o obrigat\u00f3rios[\/vc_column_text][vc_separator type=&#8221;transparent&#8221; up=&#8221;40&#8243; up_style=&#8221;px&#8221; down=&#8221;0&#8243; down_style=&#8221;px&#8221;][\/vc_column][\/vc_row]<\/p>\n","protected":false},"excerpt":{"rendered":"<p>[vc_row row_type=&#8221;row&#8221; use_row_as_full_screen_section=&#8221;no&#8221; type=&#8221;full_width&#8221; text_align=&#8221;left&#8221; css_animation=&#8221;&#8221; box_shadow_on_row=&#8221;no&#8221;][vc_column][vc_empty_space height=&#8221;50px&#8221; image_repeat=&#8221;no-repeat&#8221;][\/vc_column][\/vc_row][vc_row row_type=&#8221;row&#8221; use_row_as_full_screen_section=&#8221;no&#8221; type=&#8221;grid&#8221; text_align=&#8221;left&#8221; padding_top=&#8221;51&#8243; padding_bottom=&#8221;15&#8243; css_animation=&#8221;&#8221; box_shadow_on_row=&#8221;no&#8221; oblique_section=&#8221;no&#8221; triangle_shape=&#8221;no&#8221;][vc_column offset=&#8221;vc_col-md-6 vc_col-xs-12&#8243;][vc_separator type=&#8221;transparent&#8221; up=&#8221;-5&#8243; up_style=&#8221;px&#8221; down=&#8221;0&#8243; down_style=&#8221;px&#8221;][vc_separator type=&#8221;transparent&#8221; up=&#8221;18&#8243; up_style=&#8221;px&#8221; down=&#8221;0&#8243; down_style=&#8221;px&#8221;][vc_column_text]Somos uma ag\u00eancia de Design, Comunica\u00e7\u00e3o e TI que se orgulha em desenvolver estrat\u00e9gias integradas&#8230;<\/p>\n","protected":false},"author":1,"featured_media":0,"parent":0,"menu_order":0,"comment_status":"closed","ping_status":"closed","template":"full_width.php","meta":{"footnotes":""},"class_list":["post-1600","page","type-page","status-publish","hentry"],"_links":{"self":[{"href":"http:\/\/eletrico28.pt\/pt-pt\/wp-json\/wp\/v2\/pages\/1600"}],"collection":[{"href":"http:\/\/eletrico28.pt\/pt-pt\/wp-json\/wp\/v2\/pages"}],"about":[{"href":"http:\/\/eletrico28.pt\/pt-pt\/wp-json\/wp\/v2\/types\/page"}],"author":[{"embeddable":true,"href":"http:\/\/eletrico28.pt\/pt-pt\/wp-json\/wp\/v2\/users\/1"}],"replies":[{"embeddable":true,"href":"http:\/\/eletrico28.pt\/pt-pt\/wp-json\/wp\/v2\/comments?post=1600"}],"version-history":[{"count":50,"href":"http:\/\/eletrico28.pt\/pt-pt\/wp-json\/wp\/v2\/pages\/1600\/revisions"}],"predecessor-version":[{"id":58874,"href":"http:\/\/eletrico28.pt\/pt-pt\/wp-json\/wp\/v2\/pages\/1600\/revisions\/58874"}],"wp:attachment":[{"href":"http:\/\/eletrico28.pt\/pt-pt\/wp-json\/wp\/v2\/media?parent=1600"}],"curies":[{"name":"wp","href":"https:\/\/api.w.org\/{rel}","templated":true}]}}