{"id":59198,"date":"2025-10-20T17:31:30","date_gmt":"2025-10-20T17:31:30","guid":{"rendered":"https:\/\/eletrico28.pt\/?page_id=59198"},"modified":"2026-01-06T15:51:41","modified_gmt":"2026-01-06T15:51:41","slug":"formacao","status":"publish","type":"page","link":"http:\/\/eletrico28.pt\/pt-pt\/formacao\/","title":{"rendered":"Forma\u00e7\u00e3o em IA alinhada com as tuas necessidades"},"content":{"rendered":"<p>[vc_row row_type=&#8221;row&#8221; use_row_as_full_screen_section=&#8221;no&#8221; type=&#8221;grid&#8221; text_align=&#8221;left&#8221; css_animation=&#8221;&#8221; box_shadow_on_row=&#8221;no&#8221;][vc_column][vc_empty_space height=&#8221;50px&#8221; image_repeat=&#8221;no-repeat&#8221;][vc_column_text]<\/p>\n<h6>Forma\u00e7\u00e3o em IA para Designers e Equipas<\/h6>\n<p>[\/vc_column_text][vc_column_text]<\/p>\n<h3>A nossa cultura \u00e9 a da criatividade<\/h3>\n<p>[\/vc_column_text][vc_empty_space image_repeat=&#8221;no-repeat&#8221;][\/vc_column][\/vc_row][vc_row row_type=&#8221;row&#8221; use_row_as_full_screen_section=&#8221;no&#8221; type=&#8221;grid&#8221; text_align=&#8221;left&#8221; padding_top=&#8221;35&#8243; padding_bottom=&#8221;34&#8243; css_animation=&#8221;&#8221; box_shadow_on_row=&#8221;no&#8221; oblique_section=&#8221;no&#8221; triangle_shape=&#8221;no&#8221;][vc_column width=&#8221;2\/3&#8243; offset=&#8221;vc_col-md-6 vc_col-xs-12&#8243;][vc_column_text]<\/p>\n<p data-start=\"470\" data-end=\"801\">\u00c9 com muito orgulho que ouvimos dizer que fomos os pioneiros em Portugal a integrar Gen AI no nosso trabalho. E passado quatro anos de experi\u00eancia intensa em diversas \u00e1reas da Intelig\u00eancia Artificial, al\u00e9m do trabalho de ag\u00eancia, dedicamo-nos tamb\u00e9m a ensinar IA pr\u00e1tica para designers, web designers e marketeers.<\/p>\n<p>&nbsp;<\/p>\n<p>Porque sabemos o que \u00e9 estar desse lado, e temos a experi\u00eancia do que test\u00e1mos, falh\u00e1mos e melhor\u00e1mos, sabemos que ensinamos as t\u00e9cnicas certas, sem exageros nem promessas vazias. Connosco, recebes m\u00e9todos claros e adaptados \u00e0s tuas necessidades, prompts testados e templates reutiliz\u00e1veis para aplicar no pr\u00f3prio dia.<\/p>\n<p>&nbsp;<\/p>\n<p data-start=\"803\" data-end=\"996\">Cada sess\u00e3o \u00e9 personalizada \u00e0 tua marca, ferramentas e objetivos, unindo o rigor t\u00e9cnico da <strong>ELETRICO28<\/strong> \u00e0 experi\u00eancia real de quem trabalha com IA diariamente, desde o design \u00e0 estrat\u00e9gia digital.<\/p>\n<p>&nbsp;<\/p>\n<p data-start=\"998\" data-end=\"1426\">A forma\u00e7\u00e3o \u00e9 conduzida pela nossa Diretora Criativa, <strong data-start=\"1025\" data-end=\"1046\">Margarida Barreto<\/strong>, <strong data-start=\"1048\" data-end=\"1095\">autora do livro <a href=\"https:\/\/www.amazon.com\/stores\/Margarida-Barreto\/author\/B0D246Q4W2?ref=ap_rdr&amp;shoppingPortalEnabled=true&amp;ccs_id=8623a93b-61c0-4060-a3b1-51e71357a282\" target=\"_blank\" rel=\"noopener\"><em data-start=\"1066\" data-end=\"1093\">The Midjourney Expedition<\/em><\/a><\/strong> e vencedora de v\u00e1rios pr\u00e9mios internacionais de arte e inova\u00e7\u00e3o em IA, incluindo o <a href=\"https:\/\/aimasteraward.com\/selections\/carnivorous-beauty\/\" target=\"_blank\" rel=\"noopener\"><strong data-start=\"1179\" data-end=\"1207\">AIMA Public Choice Award<\/strong><\/a>.<\/p>\n<p>&nbsp;<\/p>\n<p>Desde 2024, temos colaborado com <strong data-start=\"1252\" data-end=\"1303\">empresas, escolas e profissionais independentes<\/strong> em Portugal e no estrangeiro, ajudando-os a integrar a IA nos seus fluxos de trabalho de forma criativa, \u00e9tica e eficaz.<\/p>\n<p>&nbsp;<\/p>\n<p data-start=\"1428\" data-end=\"1554\">Escolher a <strong>ELETRICO28<\/strong> \u00e9 escolher um parceiro que j\u00e1 vive o futuro, e sabe transform\u00e1-lo em ferramentas \u00fateis para o presente.<\/p>\n<p>[\/vc_column_text][vc_column_text][\/vc_column_text][vc_empty_space height=&#8221;50px&#8221; image_repeat=&#8221;no-repeat&#8221;][\/vc_column][vc_column width=&#8221;1\/3&#8243; offset=&#8221;vc_col-md-6 vc_col-xs-12&#8243;]<div class = \"qodef-video-wrapper\"><div style=\"width: 640px;\" class=\"wp-video\"><!--[if lt IE 9]><script>document.createElement('video');<\/script><![endif]-->\n<video class=\"wp-video-shortcode\" id=\"video-59198-1\" width=\"640\" height=\"360\" loop=\"1\" autoplay=\"1\" preload=\"metadata\" controls=\"controls\"><source type=\"video\/mp4\" src=\"http:\/\/eletrico28.pt\/wp-content\/uploads\/2025\/10\/Pimento-MJ.mp4?_=1\" \/><a href=\"http:\/\/eletrico28.pt\/wp-content\/uploads\/2025\/10\/Pimento-MJ.mp4\">http:\/\/eletrico28.pt\/wp-content\/uploads\/2025\/10\/Pimento-MJ.mp4<\/a><\/video><\/div><\/div>[\/vc_column][\/vc_row][vc_row row_type=&#8221;row&#8221; use_row_as_full_screen_section=&#8221;no&#8221; type=&#8221;grid&#8221; text_align=&#8221;left&#8221; padding_bottom=&#8221;52&#8243; css_animation=&#8221;&#8221; box_shadow_on_row=&#8221;no&#8221; oblique_section=&#8221;no&#8221; triangle_shape=&#8221;no&#8221;][vc_column][vc_separator type=&#8221;normal&#8221; up=&#8221;20&#8243; up_style=&#8221;px&#8221; down_style=&#8221;px&#8221;][vc_column_text css=&#8221;.vc_custom_1767712530567{padding-top: 35px !important;}&#8221;]<\/p>\n<h3>IA na pr\u00e1tica, na \u00e9tica e no debate p\u00fablico<\/h3>\n<p>&nbsp;<\/p>\n<p data-start=\"1745\" data-end=\"1838\">Para al\u00e9m do <strong>trabalho pr\u00e1tico em ag\u00eancia<\/strong> e <strong>forma\u00e7\u00e3o<\/strong>, participamos ativamente no <strong>debate p\u00fablico<\/strong> sobre <strong>Intelig\u00eancia Artificial, \u00e9tica e regula\u00e7\u00e3o<\/strong>.<\/p>\n<p>&nbsp;<\/p>\n<p data-start=\"1745\" data-end=\"1838\">Atrav\u00e9s da nossa Diretora Criativa, <a href=\"https:\/\/www.linkedin.com\/in\/margaridabarreto\/\" target=\"_blank\" rel=\"noopener\">Margarida Barreto<\/a> particip\u00e1mos num debate televisivo sobre Intelig\u00eancia Artificial, \u00e9tica e regula\u00e7\u00e3o. Esta conversa no programa <a href=\"https:\/\/www.conta-la.pt\/\" target=\"_blank\" rel=\"noopener\">ContaL\u00e1 TV<\/a> reflete a forma como acompanhamos de perto a evolu\u00e7\u00e3o da IA, os seus impactos reais e as quest\u00f5es que moldam o presente e o futuro da \u00e1rea.<\/p>\n<p>&nbsp;<\/p>\n<p data-start=\"1745\" data-end=\"1838\">\u00c9 esta vis\u00e3o atualizada, cr\u00edtica e aplicada que levamos tamb\u00e9m para a forma\u00e7\u00e3o. N\u00e3o ensinamos apenas ferramentas. Discutimos contexto, limites e responsabilidade.<\/p>\n<p>[\/vc_column_text][vc_video link=&#8221;https:\/\/www.youtube.com\/watch?v=cUzEsVg_qts&amp;t=813s&#8221; align=&#8221;center&#8221; css=&#8221;.vc_custom_1767712403987{padding-top: 35px !important;}&#8221;][\/vc_column][\/vc_row][vc_row row_type=&#8221;row&#8221; use_row_as_full_screen_section=&#8221;no&#8221; type=&#8221;full_width&#8221; text_align=&#8221;left&#8221; background_image=&#8221;59222&#8243; css_animation=&#8221;&#8221; box_shadow_on_row=&#8221;no&#8221; triangle_shape=&#8221;no&#8221;][vc_column][vc_row_inner row_type=&#8221;row&#8221; type=&#8221;grid&#8221; use_row_as_full_screen_section_slide=&#8221;no&#8221; text_align=&#8221;left&#8221; padding_top=&#8221;84&#8243; css_animation=&#8221;&#8221; box_shadow_on_row=&#8221;no&#8221;][vc_column_inner offset=&#8221;vc_col-md-4 vc_col-xs-12&#8243;][vc_column_text]<\/p>\n<h3><span style=\"color: #ffffff;\">Para quem?<\/span><\/h3>\n<p>[\/vc_column_text][vc_separator type=&#8221;transparent&#8221; up=&#8221;20&#8243; up_style=&#8221;px&#8221; down=&#8221;0&#8243; down_style=&#8221;px&#8221;]<div class=\"custom_font_holder\" style=\"font-family: Montserrat; font-size: 14px; line-height: 23px; font-style: normal; font-weight: 400; color: #f9f9f9; text-decoration: none; letter-spacing: -0.5px;; text-transform: none; text-align: left\" data-font-size=14 data-line-height=23 ><div  ><ul>\n<li data-start=\"4892\" data-end=\"4923\">Designers e Programadores<\/li>\n<li data-start=\"4892\" data-end=\"4923\">Freelancers<\/li>\n<li data-start=\"4892\" data-end=\"4923\">Equipas de design e marketing<\/li>\n<li data-start=\"4926\" data-end=\"4943\">Ag\u00eancias e PMEs<\/li>\n<li data-start=\"4946\" data-end=\"4978\">Formadores internos e educadores<\/li>\n<\/ul>\n<\/div><\/div>[vc_separator type=&#8221;transparent&#8221; up=&#8221;12&#8243; up_style=&#8221;px&#8221; down=&#8221;0&#8243; down_style=&#8221;px&#8221;][\/vc_column_inner][vc_column_inner offset=&#8221;vc_col-md-4 vc_col-xs-12&#8243;][vc_column_text]<\/p>\n<h3><span style=\"color: #ffffff;\">O que vais aprender?<\/span><\/h3>\n<p>[\/vc_column_text][vc_separator type=&#8221;transparent&#8221; up=&#8221;20&#8243; up_style=&#8221;px&#8221; down=&#8221;0&#8243; down_style=&#8221;px&#8221;]<div class=\"custom_font_holder\" style=\"font-family: Montserrat; font-size: 14px; line-height: 23px; font-style: normal; font-weight: 400; color: #f9f9f9; text-decoration: none; letter-spacing: -0.5px;; text-transform: none; text-align: left\" data-font-size=14 data-line-height=23 ><div  ><ul>\n<li data-start=\"5006\" data-end=\"5048\">Prompt craft com controlo e consist\u00eancia<\/li>\n<li data-start=\"5051\" data-end=\"5102\">IA para branding, conte\u00fado e idea\u00e7\u00e3o de campanhas<\/li>\n<li data-start=\"5105\" data-end=\"5165\">Web design com IA: pesquisa, copy, wireframes e <em>Vibe Coding<\/em><\/li>\n<li data-start=\"5168\" data-end=\"5211\">Image-to-motion e v\u00eddeo curto para social<\/li>\n<li data-start=\"5214\" data-end=\"5278\">\u00c9tica, propriedade intelectual, disclosure e pol\u00edticas seguras<\/li>\n<li data-start=\"5281\" data-end=\"5322\">Como utilizar o melhor da IA a teu favor<\/li>\n<\/ul>\n<\/div><\/div>[vc_separator type=&#8221;transparent&#8221; up=&#8221;12&#8243; up_style=&#8221;px&#8221; down=&#8221;0&#8243; down_style=&#8221;px&#8221;][\/vc_column_inner][vc_column_inner offset=&#8221;vc_col-md-4 vc_col-xs-12&#8243;][vc_column_text]<\/p>\n<h3><span style=\"color: #ffffff;\">Tipos de Forma\u00e7\u00e3o<\/span><\/h3>\n<p>[\/vc_column_text][vc_separator type=&#8221;transparent&#8221; up=&#8221;20&#8243; up_style=&#8221;px&#8221; down=&#8221;0&#8243; down_style=&#8221;px&#8221;]<div class=\"custom_font_holder\" style=\"font-family: Montserrat; font-size: 14px; line-height: 23px; font-style: normal; font-weight: 400; color: #f9f9f9; text-decoration: none; letter-spacing: -0.5px;; text-transform: none; text-align: left\" data-font-size=14 data-line-height=23 ><div  ><ul>\n<li data-start=\"5339\" data-end=\"5359\"><strong>Talk<\/strong> 45\u201360 min<\/li>\n<li data-start=\"5362\" data-end=\"5385\"><strong>Masterclass<\/strong> 2h<\/li>\n<li data-start=\"5388\" data-end=\"5426\"><strong>Workshop<\/strong> meia-dia ou dia inteiro<\/li>\n<li data-start=\"5486\" data-end=\"5522\"><strong>Aconselhamento<\/strong> em projetos reais<\/li>\n<li data-start=\"5486\" data-end=\"5522\">Presencial ou remoto<\/li>\n<\/ul>\n<\/div><\/div>[vc_separator type=&#8221;transparent&#8221; up=&#8221;12&#8243; up_style=&#8221;px&#8221; down=&#8221;0&#8243; down_style=&#8221;px&#8221;][\/vc_column_inner][\/vc_row_inner][vc_row_inner row_type=&#8221;row&#8221; type=&#8221;grid&#8221; use_row_as_full_screen_section_slide=&#8221;no&#8221; text_align=&#8221;left&#8221; padding_top=&#8221;50&#8243; padding_bottom=&#8221;84&#8243; css_animation=&#8221;&#8221; box_shadow_on_row=&#8221;no&#8221;][vc_column_inner offset=&#8221;vc_col-md-4 vc_col-xs-12&#8243;][vc_column_text]<\/p>\n<h3><span style=\"color: #ffffff;\">M\u00f3dulos<\/span><\/h3>\n<p>[\/vc_column_text][vc_separator type=&#8221;transparent&#8221; up=&#8221;20&#8243; up_style=&#8221;px&#8221; down=&#8221;0&#8243; down_style=&#8221;px&#8221;]<div class=\"custom_font_holder\" style=\"font-family: Montserrat; font-size: 14px; line-height: 23px; font-style: normal; font-weight: 400; color: #f9f9f9; text-decoration: none; letter-spacing: -0.5px;; text-transform: none; text-align: left\" data-font-size=14 data-line-height=23 ><div  ><ol>\n<li data-start=\"5539\" data-end=\"5573\">Fundamentos de GenAI para Design<\/li>\n<li data-start=\"5577\" data-end=\"5631\">Sistemas de prompts que mant\u00eam voz e estilo de marca<\/li>\n<li data-start=\"5635\" data-end=\"5684\">IA no Web Design: do briefing ao <em>Vibe Coding<\/em><\/li>\n<li data-start=\"5688\" data-end=\"5753\">Visuais e Campanhas<\/li>\n<li data-start=\"5757\" data-end=\"5815\">\u00c1udio e edi\u00e7\u00e3o<\/li>\n<li data-start=\"5757\" data-end=\"5815\">\u00c9tica, IP e atribui\u00e7\u00e3o no dia a dia<\/li>\n<li data-start=\"5757\" data-end=\"5815\">Portfolio com a tua marca e assets<\/li>\n<\/ol>\n<\/div><\/div>[\/vc_column_inner][vc_column_inner offset=&#8221;vc_col-md-4 vc_col-xs-12&#8243;][vc_column_text]<\/p>\n<h3><span style=\"color: #ffffff;\">Ferramentas<\/span><\/h3>\n<p>[\/vc_column_text][vc_separator type=&#8221;transparent&#8221; up=&#8221;20&#8243; up_style=&#8221;px&#8221; down=&#8221;0&#8243; down_style=&#8221;px&#8221;]<div class=\"custom_font_holder\" style=\"font-family: Montserrat; font-size: 14px; line-height: 23px; font-style: normal; font-weight: 400; color: #f9f9f9; text-decoration: none; letter-spacing: -0.5px;; text-transform: none; text-align: left\" data-font-size=14 data-line-height=23 ><div  ><p>Como cada caso \u00e9 diferente, podemos adaptar as melhores ferramentas \u00e0s tuas necessidades.\u00a0 Somos independentes da ferramenta e focamos em resultados. Alguns exemplos de ferramentas que abordamos: Manus, ChatGPT, Midjourney, Pimento, Kling, Flora, Flova, ElevenLabs, CapCut, e muito mais&#8230;<\/p>\n<\/div><\/div>[\/vc_column_inner][vc_column_inner offset=&#8221;vc_col-md-4 vc_col-xs-12&#8243;][vc_column_text]<\/p>\n<h3><span style=\"color: #ffffff;\">Resultados<\/span><\/h3>\n<p>[\/vc_column_text][vc_separator type=&#8221;transparent&#8221; up=&#8221;20&#8243; up_style=&#8221;px&#8221; down=&#8221;0&#8243; down_style=&#8221;px&#8221;]<div class=\"custom_font_holder\" style=\"font-family: Montserrat; font-size: 14px; line-height: 23px; font-style: normal; font-weight: 400; color: #f9f9f9; text-decoration: none; letter-spacing: -0.5px;; text-transform: none; text-align: left\" data-font-size=14 data-line-height=23 ><div  ><ul>\n<li data-start=\"6320\" data-end=\"6362\">Idea\u00e7\u00e3o mais r\u00e1pida e melhores briefings<\/li>\n<li data-start=\"6365\" data-end=\"6406\">Consist\u00eancia de marca nos v\u00e1rios assets<\/li>\n<li data-start=\"6409\" data-end=\"6457\">Portfolio online<\/li>\n<li data-start=\"6460\" data-end=\"6504\">Packs de prompts e checklists prontos a usar<\/li>\n<\/ul>\n<\/div><\/div>[\/vc_column_inner][\/vc_row_inner][vc_separator type=&#8221;normal&#8221; up=&#8221;20&#8243; up_style=&#8221;px&#8221; down_style=&#8221;px&#8221;][vc_row_inner row_type=&#8221;row&#8221; type=&#8221;grid&#8221; use_row_as_full_screen_section_slide=&#8221;no&#8221; text_align=&#8221;left&#8221; padding_bottom=&#8221;84&#8243; css_animation=&#8221;&#8221; box_shadow_on_row=&#8221;no&#8221;][vc_column_inner][vc_column_text css=&#8221;.vc_custom_1767710786580{padding-top: 35px !important;}&#8221;]<\/p>\n<h3 style=\"text-align: center;\"><span style=\"color: #ffffff;\">O que levas contigo no final<\/span><\/h3>\n<p>&nbsp;<\/p>\n<p data-start=\"1745\" data-end=\"1838\"><span style=\"color: #ffffff;\">No final da forma\u00e7\u00e3o, cada participante <strong>recebe materiais pr\u00e1ticos<\/strong>, incluindo:<\/span><\/p>\n<p>&nbsp;<\/p>\n<ul>\n<li data-start=\"1841\" data-end=\"1880\"><span style=\"color: #ffffff;\">Prompts testados e organizados<\/span><\/li>\n<li data-start=\"1883\" data-end=\"1915\"><span style=\"color: #ffffff;\">Listas t\u00e9cnicas e checklists de apoio<\/span><\/li>\n<li data-start=\"1918\" data-end=\"1952\"><span style=\"color: #ffffff;\">Certificados mediante pedido<\/span><\/li>\n<li data-start=\"1918\" data-end=\"1952\"><span style=\"color: #ffffff;\">Refer\u00eancias e recursos para aprofundamento<\/span><\/li>\n<\/ul>\n<p>&nbsp;<\/p>\n<p data-start=\"1954\" data-end=\"2099\"><span style=\"color: #ffffff;\">Todos os materiais foram pensados para <strong>uso direto em projetos reais<\/strong>, permitindo aplicar o que foi aprendido mesmo ap\u00f3s o t\u00e9rmino da forma\u00e7\u00e3o.<\/span><\/p>\n<p>[\/vc_column_text][\/vc_column_inner][\/vc_row_inner][\/vc_column][\/vc_row][vc_row row_type=&#8221;row&#8221; use_row_as_full_screen_section=&#8221;no&#8221; type=&#8221;grid&#8221; text_align=&#8221;left&#8221; css_animation=&#8221;&#8221; box_shadow_on_row=&#8221;no&#8221;][vc_column width=&#8221;1\/2&#8243;][vc_empty_space height=&#8221;60px&#8221; image_repeat=&#8221;no-repeat&#8221;][vc_separator type=&#8221;transparent&#8221; up=&#8221;20&#8243; up_style=&#8221;px&#8221; down=&#8221;0&#8243; down_style=&#8221;px&#8221;][vc_gallery interval=&#8221;3&#8243; images=&#8221;59290,59282,59265,59284,59273,59286,59288,59269,59296,59275&#8243; img_size=&#8221;full&#8221;][\/vc_column][vc_column width=&#8221;1\/2&#8243; css=&#8221;.vc_custom_1761054180818{padding-left: 150px !important;}&#8221;][vc_empty_space height=&#8221;80px&#8221; image_repeat=&#8221;no-repeat&#8221;][vc_column_text css=&#8221;.vc_custom_1761064105298{padding-top: 35px !important;}&#8221;]<\/p>\n<h3>FAQ<\/h3>\n<p>[\/vc_column_text][vc_empty_space height=&#8221;30px&#8221; image_repeat=&#8221;no-repeat&#8221;][no_accordion active_tab=&#8221;1&#8243; style=&#8221;accordion&#8221; hide_icon=&#8221;no&#8221;][no_accordion_tab title=&#8221;\u00c9 preciso saber programar?&#8221; title_hover_color=&#8221;#ffa400&#8243; hide_icon=&#8221;no&#8221; icon_pack=&#8221;font_awesome&#8221;][vc_column_text]N\u00e3o. Tudo \u00e9 pensado para designers e marketeers.[\/vc_column_text][\/no_accordion_tab][no_accordion_tab title=&#8221;Podem usar os nossos assets?&#8221; title_hover_color=&#8221;#ffa400&#8243; hide_icon=&#8221;no&#8221; icon_pack=&#8221;font_awesome&#8221;][vc_column_text]Sim. Constru\u00edmos os exerc\u00edcios com o teu brand book.[\/vc_column_text][\/no_accordion_tab][no_accordion_tab title=&#8221;Adaptam ao nosso setor?&#8221; title_hover_color=&#8221;#ffa400&#8243; hide_icon=&#8221;no&#8221; icon_pack=&#8221;font_awesome&#8221;][vc_column_text]Sim. Ajustamos exemplos e datasets.[\/vc_column_text][\/no_accordion_tab][no_accordion_tab title=&#8221;O que precisam de n\u00f3s?&#8221; title_hover_color=&#8221;#ffa400&#8243; hide_icon=&#8221;no&#8221; icon_pack=&#8221;font_awesome&#8221;][vc_column_text]Objetivos, ferramentas usadas e exemplos de assets.[\/vc_column_text][\/no_accordion_tab][\/no_accordion][vc_empty_space height=&#8221;80px&#8221; image_repeat=&#8221;no-repeat&#8221;][vc_column_text]Mais de 200 alunos j\u00e1 aprenderam connosco! Envia-nos uma mensagem e percebe como te podemos ajudar e \u00e0 tua equipa.[\/vc_column_text][vc_separator type=&#8221;transparent&#8221; up=&#8221;21&#8243; up_style=&#8221;px&#8221; down=&#8221;0&#8243; down_style=&#8221;px&#8221;]<a href=\"mailto:geral@eletrico28.pt\" target=\"_self\"  class=\"qbutton  big_large qbutton_with_icon icon_right\" style=\"\">Quero saber mais<span aria-hidden=\"true\" class=\"qode_icon_font_elegant arrow_right button_icon\" style=\"width: auto\" ><\/span><\/a>[vc_separator type=&#8221;transparent&#8221; up=&#8221;32&#8243; up_style=&#8221;px&#8221; down=&#8221;0&#8243; down_style=&#8221;px&#8221;][\/vc_column][\/vc_row]<\/p>\n","protected":false},"excerpt":{"rendered":"<p>[vc_row row_type=&#8221;row&#8221; use_row_as_full_screen_section=&#8221;no&#8221; type=&#8221;grid&#8221; text_align=&#8221;left&#8221; css_animation=&#8221;&#8221; box_shadow_on_row=&#8221;no&#8221;][vc_column][vc_empty_space height=&#8221;50px&#8221; image_repeat=&#8221;no-repeat&#8221;][vc_column_text] Forma\u00e7\u00e3o em IA para Designers e Equipas [\/vc_column_text][vc_column_text] A nossa cultura \u00e9 a da criatividade [\/vc_column_text][vc_empty_space image_repeat=&#8221;no-repeat&#8221;][\/vc_column][\/vc_row][vc_row row_type=&#8221;row&#8221; use_row_as_full_screen_section=&#8221;no&#8221; type=&#8221;grid&#8221; text_align=&#8221;left&#8221; padding_top=&#8221;35&#8243; padding_bottom=&#8221;34&#8243; css_animation=&#8221;&#8221; box_shadow_on_row=&#8221;no&#8221; oblique_section=&#8221;no&#8221; triangle_shape=&#8221;no&#8221;][vc_column width=&#8221;2\/3&#8243; offset=&#8221;vc_col-md-6 vc_col-xs-12&#8243;][vc_column_text] \u00c9 com muito orgulho que ouvimos&#8230;<\/p>\n","protected":false},"author":1,"featured_media":0,"parent":0,"menu_order":0,"comment_status":"closed","ping_status":"closed","template":"full_width.php","meta":{"footnotes":""},"class_list":["post-59198","page","type-page","status-publish","hentry"],"_links":{"self":[{"href":"http:\/\/eletrico28.pt\/pt-pt\/wp-json\/wp\/v2\/pages\/59198"}],"collection":[{"href":"http:\/\/eletrico28.pt\/pt-pt\/wp-json\/wp\/v2\/pages"}],"about":[{"href":"http:\/\/eletrico28.pt\/pt-pt\/wp-json\/wp\/v2\/types\/page"}],"author":[{"embeddable":true,"href":"http:\/\/eletrico28.pt\/pt-pt\/wp-json\/wp\/v2\/users\/1"}],"replies":[{"embeddable":true,"href":"http:\/\/eletrico28.pt\/pt-pt\/wp-json\/wp\/v2\/comments?post=59198"}],"version-history":[{"count":65,"href":"http:\/\/eletrico28.pt\/pt-pt\/wp-json\/wp\/v2\/pages\/59198\/revisions"}],"predecessor-version":[{"id":59361,"href":"http:\/\/eletrico28.pt\/pt-pt\/wp-json\/wp\/v2\/pages\/59198\/revisions\/59361"}],"wp:attachment":[{"href":"http:\/\/eletrico28.pt\/pt-pt\/wp-json\/wp\/v2\/media?parent=59198"}],"curies":[{"name":"wp","href":"https:\/\/api.w.org\/{rel}","templated":true}]}}