{"id":58432,"date":"2020-07-17T13:23:49","date_gmt":"2020-07-17T13:23:49","guid":{"rendered":"http:\/\/eletrico28.pt\/?page_id=58432"},"modified":"2024-08-21T21:32:29","modified_gmt":"2024-08-21T21:32:29","slug":"quem-somos","status":"publish","type":"page","link":"https:\/\/eletrico28.pt\/pt-pt\/quem-somos\/","title":{"rendered":"Quem somos"},"content":{"rendered":"<p>[vc_row row_type=&#8221;row&#8221; use_row_as_full_screen_section=&#8221;no&#8221; type=&#8221;grid&#8221; text_align=&#8221;left&#8221; background_image=&#8221;58572&#8243; padding_top=&#8221;178&#8243; padding_bottom=&#8221;174&#8243; css_animation=&#8221;&#8221; box_shadow_on_row=&#8221;no&#8221; oblique_section=&#8221;no&#8221; triangle_shape=&#8221;no&#8221;][vc_column offset=&#8221;vc_col-lg-8 vc_col-md-9&#8243;][no_elements_holder number_of_columns=&#8221;one_column&#8221;][no_elements_holder_item aligment=&#8221;left&#8221; animation_name=&#8221;grow_in&#8221; advanced_animations=&#8221;no&#8221;]<div class=\"custom_font_holder\" style=\"font-family: Montserrat; font-size: 68px; line-height: 81px; font-style: normal; font-weight: 700; color: #ffffff; text-decoration: none; letter-spacing: -1px;; text-transform: none; text-align: left\" data-font-size=68 data-line-height=81 ><div  ><p>Desenvolvemos<\/p>\n<\/div><\/div>[\/no_elements_holder_item][\/no_elements_holder][no_elements_holder number_of_columns=&#8221;one_column&#8221;][no_elements_holder_item aligment=&#8221;left&#8221; animation_name=&#8221;grow_in&#8221; animation_delay=&#8221;800&#8243; advanced_animations=&#8221;no&#8221;]<div class=\"custom_font_holder\" style=\"font-family: Montserrat; font-size: 68px; line-height: 81px; font-style: normal; font-weight: 700; color: #ffffff; text-decoration: none; letter-spacing: -1px;; text-transform: none; text-align: left\" data-font-size=68 data-line-height=81 ><div  ><p><span class=\"animate\">marcas que<\/span><\/p>\n<\/div><\/div>[\/no_elements_holder_item][\/no_elements_holder][no_elements_holder number_of_columns=&#8221;one_column&#8221;][no_elements_holder_item aligment=&#8221;left&#8221; animation_name=&#8221;grow_in&#8221; animation_delay=&#8221;1000&#8243; advanced_animations=&#8221;no&#8221;]<div class=\"custom_font_holder\" style=\"font-family: Montserrat; font-size: 68px; line-height: 81px; font-style: normal; font-weight: 700; color: #ffffff; text-decoration: none; letter-spacing: -1px;; text-transform: none; text-align: left\" data-font-size=68 data-line-height=81 ><div  ><p><span class=\"animate underline\" style=\"color: #ffffff;\">inspiram<\/span><\/p>\n<\/div><\/div>[\/no_elements_holder_item][\/no_elements_holder][\/vc_column][vc_column offset=&#8221;vc_col-lg-4 vc_col-md-3&#8243;][vc_column_text]<br \/>\n[\/vc_column_text][\/vc_column][\/vc_row][vc_row row_type=&#8221;row&#8221; use_row_as_full_screen_section=&#8221;no&#8221; type=&#8221;grid&#8221; text_align=&#8221;left&#8221; padding_top=&#8221;55&#8243; padding_bottom=&#8221;1&#8243; css_animation=&#8221;&#8221; box_shadow_on_row=&#8221;no&#8221; oblique_section=&#8221;no&#8221; triangle_shape=&#8221;no&#8221;][vc_column width=&#8221;1\/2&#8243; offset=&#8221;vc_col-lg-3 vc_col-md-6 vc_col-sm-offset-0 vc_col-xs-12&#8243;][no_elements_holder number_of_columns=&#8221;one_column&#8221;][no_elements_holder_item background_color=&#8221;#ffa400&#8243; item_padding=&#8221;0px 14% 14%&#8221; aligment=&#8221;center&#8221; vertical_alignment=&#8221;middle&#8221; animation_name=&#8221;flip_in&#8221; animation_delay=&#8221;0&#8243; advanced_animations=&#8221;no&#8221;]<div class='q_icon_with_title  normal_icon center' data-icon-hover-color=#ffffff ><div class=\"icon_holder  \" style=\"margin: 38px 0 0 0; \"><div class=\"icon_holder_inner\"><span class=\"qode_icon_stack qode_tiny_icon \" style=\"font-size: 46px;color: #ffffff;width: 46px;height: 46px;line-height: 46px;\"><i class=\"qode_icon_simple_line_icon icon-layers icon_text_icon qode_icon_stack_1x \" style=\"font-size: 46px;\" ><\/i><\/span><\/div><\/div><div class=\"icon_text_holder\"><div class=\"icon_title_inner_holder\"><h5 class=\"icon_title \" style=\"color: #ffffff;margin-bottom: 22px;\">Objetivos<\/h5><\/div><div class=\"icon_text_inner\"><p style='color: #ffffff'>Analisamos qual a melhor estrat\u00e9gia para o crescimento cont\u00ednuo da sua empresa<\/p><\/div><\/div><\/div>[\/no_elements_holder_item][\/no_elements_holder][vc_separator type=&#8221;transparent&#8221; up=&#8221;40&#8243; up_style=&#8221;px&#8221; down=&#8221;0&#8243; down_style=&#8221;px&#8221;][\/vc_column][vc_column width=&#8221;1\/2&#8243; offset=&#8221;vc_col-lg-3 vc_col-md-6 vc_col-sm-offset-0 vc_col-xs-12&#8243;][no_elements_holder number_of_columns=&#8221;one_column&#8221;][no_elements_holder_item background_color=&#8221;#ffa400&#8243; item_padding=&#8221;0px 14% 14%&#8221; aligment=&#8221;center&#8221; vertical_alignment=&#8221;middle&#8221; animation_name=&#8221;flip_in&#8221; animation_delay=&#8221;200&#8243; advanced_animations=&#8221;no&#8221;]<div class='q_icon_with_title  normal_icon center' data-icon-hover-color=#ffffff ><div class=\"icon_holder  \" style=\"margin: 38px 0 0 0; \"><div class=\"icon_holder_inner\"><span class=\"qode_icon_stack qode_tiny_icon \" style=\"font-size: 46px;color: #ffffff;width: 46px;height: 46px;line-height: 46px;\"><i class=\"qode_icon_simple_line_icon icon-chemistry icon_text_icon qode_icon_stack_1x \" style=\"font-size: 46px;\" ><\/i><\/span><\/div><\/div><div class=\"icon_text_holder\"><div class=\"icon_title_inner_holder\"><h5 class=\"icon_title \" style=\"color: #ffffff;margin-bottom: 22px;\">Criatividade<\/h5><\/div><div class=\"icon_text_inner\"><p style='color: #ffffff'>Damos forma \u00e0s ideias, focados nas melhores solu\u00e7\u00f5es criativas para a sua marca<\/p><\/div><\/div><\/div>[\/no_elements_holder_item][\/no_elements_holder][vc_separator type=&#8221;transparent&#8221; up=&#8221;40&#8243; up_style=&#8221;px&#8221; down=&#8221;0&#8243; down_style=&#8221;px&#8221;][\/vc_column][vc_column width=&#8221;1\/2&#8243; offset=&#8221;vc_col-lg-3 vc_col-md-6 vc_col-xs-12&#8243;][no_elements_holder number_of_columns=&#8221;one_column&#8221;][no_elements_holder_item background_color=&#8221;#ffa400&#8243; item_padding=&#8221;0px 14% 14%&#8221; aligment=&#8221;center&#8221; vertical_alignment=&#8221;middle&#8221; animation_name=&#8221;flip_in&#8221; animation_delay=&#8221;400&#8243; advanced_animations=&#8221;no&#8221;]<div class='q_icon_with_title  normal_icon center' data-icon-hover-color=#ffffff ><div class=\"icon_holder  \" style=\"margin: 38px 0 0 0; \"><div class=\"icon_holder_inner\"><span class=\"qode_icon_stack qode_tiny_icon \" style=\"font-size: 46px;color: #ffffff;width: 46px;height: 46px;line-height: 46px;\"><i class=\"qode_icon_simple_line_icon icon-rocket icon_text_icon qode_icon_stack_1x \" style=\"font-size: 46px;\" ><\/i><\/span><\/div><\/div><div class=\"icon_text_holder\"><div class=\"icon_title_inner_holder\"><h5 class=\"icon_title \" style=\"color: #ffffff;margin-bottom: 22px;\">Desenvolvimento<\/h5><\/div><div class=\"icon_text_inner\"><p style='color: #ffffff'>Exploramos o potencial da sua marca no mundo digital de forma a atingir mais visibilidade<\/p><\/div><\/div><\/div>[\/no_elements_holder_item][\/no_elements_holder][vc_separator type=&#8221;transparent&#8221; up=&#8221;40&#8243; up_style=&#8221;px&#8221; down=&#8221;0&#8243; down_style=&#8221;px&#8221;][\/vc_column][vc_column width=&#8221;1\/2&#8243; offset=&#8221;vc_col-lg-3 vc_col-md-6 vc_col-xs-12&#8243;][no_elements_holder number_of_columns=&#8221;one_column&#8221;][no_elements_holder_item background_color=&#8221;#ffa400&#8243; item_padding=&#8221;0px 14% 14%&#8221; aligment=&#8221;center&#8221; vertical_alignment=&#8221;middle&#8221; animation_name=&#8221;flip_in&#8221; animation_delay=&#8221;600&#8243; advanced_animations=&#8221;no&#8221;]<div class='q_icon_with_title  normal_icon center' data-icon-hover-color=#ffffff ><div class=\"icon_holder  \" style=\"margin: 38px 0 0 0; \"><div class=\"icon_holder_inner\"><span class=\"qode_icon_stack qode_tiny_icon \" style=\"font-size: 46px;color: #ffffff;width: 46px;height: 46px;line-height: 46px;\"><i class=\"qode_icon_simple_line_icon icon-user-following icon_text_icon qode_icon_stack_1x \" style=\"font-size: 46px;\" ><\/i><\/span><\/div><\/div><div class=\"icon_text_holder\"><div class=\"icon_title_inner_holder\"><h5 class=\"icon_title \" style=\"color: #ffffff;margin-bottom: 22px;\">Resultados<\/h5><\/div><div class=\"icon_text_inner\"><p style='color: #ffffff'>Desenvolvemos rela\u00e7\u00f5es de confian\u00e7a e permanente contacto com os nossos clientes<\/p><\/div><\/div><\/div>[\/no_elements_holder_item][\/no_elements_holder][vc_separator type=&#8221;transparent&#8221; up=&#8221;40&#8243; up_style=&#8221;px&#8221; down=&#8221;0&#8243; down_style=&#8221;px&#8221;][\/vc_column][\/vc_row][vc_row row_type=&#8221;row&#8221; use_row_as_full_screen_section=&#8221;no&#8221; type=&#8221;grid&#8221; text_align=&#8221;left&#8221; padding_bottom=&#8221;80&#8243; css_animation=&#8221;&#8221; box_shadow_on_row=&#8221;no&#8221; oblique_section=&#8221;no&#8221; triangle_shape=&#8221;no&#8221;][vc_column offset=&#8221;vc_col-lg-6 vc_col-md-6 vc_col-xs-12&#8243;][vc_separator type=&#8221;transparent&#8221; up=&#8221;30&#8243; up_style=&#8221;px&#8221; down=&#8221;0&#8243; down_style=&#8221;px&#8221;][vc_column_text]<\/p>\n<h6>Sobre n\u00f3s<\/h6>\n<p>[\/vc_column_text][vc_column_text]<\/p>\n<h5>Duas d\u00e9cadas dedicadas ao design<\/h5>\n<p>[\/vc_column_text][vc_separator type=&#8221;transparent&#8221; up=&#8221;25&#8243; up_style=&#8221;px&#8221; down=&#8221;0&#8243; down_style=&#8221;px&#8221;][vc_column_text]Somos uma ag\u00eancia de Design, Comunica\u00e7\u00e3o e TI dedicada a resolver desafios para Empresas e Start-Ups, no ambiente gr\u00e1fico e tecnol\u00f3gico.<\/p>\n<p>&nbsp;<\/p>\n<p>Com mais de duas d\u00e9cadas de experi\u00eancia, os nossos profissionais s\u00e3o apaixonados pelas tecnologias e garantem o desenvolvimento e manuten\u00e7\u00e3o de qualquer pe\u00e7a de comunica\u00e7\u00e3o gr\u00e1fica e digital. <strong>Desde 2021, estamos na vanguarda da integra\u00e7\u00e3o de Intelig\u00eancia Artificial no design,<\/strong> combinando as \u00faltimas tecnologias e tend\u00eancias para criar solu\u00e7\u00f5es verdadeiramente personalizadas.[\/vc_column_text][\/vc_column][vc_column width=&#8221;1\/2&#8243; offset=&#8221;vc_col-lg-3 vc_col-md-3 vc_col-xs-12&#8243;][vc_separator type=&#8221;transparent&#8221; up=&#8221;30&#8243; up_style=&#8221;px&#8221; down=&#8221;0&#8243; down_style=&#8221;px&#8221;][vc_column_text]<\/p>\n<h6>Os nossos servi\u00e7os<\/h6>\n<p>[\/vc_column_text][vc_column_text]<\/p>\n<h5>Design | Webdesign<\/h5>\n<p>[\/vc_column_text][vc_separator type=&#8221;transparent&#8221; up=&#8221;25&#8243; up_style=&#8221;px&#8221; down=&#8221;0&#8243; down_style=&#8221;px&#8221;]<div class='q_list circle animate_list' style='padding-left: 5px;'><\/p>\n<ul>\n<li>Branding &amp; Naming<\/li>\n<li>Expertise em IA para Design<\/li>\n<li>Design Editorial<\/li>\n<li>Publicidade<\/li>\n<li>Websites<\/li>\n<\/ul>\n<p><\/div>[\/vc_column][vc_column width=&#8221;1\/2&#8243; offset=&#8221;vc_col-lg-3 vc_col-md-3 vc_col-xs-12&#8243;][vc_separator type=&#8221;transparent&#8221; up=&#8221;60&#8243; up_style=&#8221;px&#8221; down=&#8221;0&#8243; down_style=&#8221;px&#8221;][vc_column_text]<\/p>\n<h5>Comunica\u00e7\u00e3o Digital<\/h5>\n<p>[\/vc_column_text][vc_separator type=&#8221;transparent&#8221; up=&#8221;25&#8243; up_style=&#8221;px&#8221; down=&#8221;0&#8243; down_style=&#8221;px&#8221;]<div class='q_list circle animate_list' style='padding-left: 5px;'><\/p>\n<ul>\n<li>Gest\u00e3o de Redes Sociais<\/li>\n<li>Media Relations<\/li>\n<li>Content Marketing<\/li>\n<li>Desenvolvimento de Conte\u00fado<\/li>\n<li>Strategic Content Management<\/li>\n<\/ul>\n<p><\/div>[\/vc_column][\/vc_row][vc_row row_type=&#8221;row&#8221; use_row_as_full_screen_section=&#8221;no&#8221; type=&#8221;grid&#8221; text_align=&#8221;left&#8221; padding_top=&#8221;11&#8243; css_animation=&#8221;&#8221; box_shadow_on_row=&#8221;no&#8221; oblique_section=&#8221;no&#8221; triangle_shape=&#8221;no&#8221;][vc_column][vc_gallery type=&#8221;image_grid&#8221; images=&#8221;58869,58865,58866,58860&#8243; img_size=&#8221;full&#8221; column_number=&#8221;4&#8243; grayscale=&#8221;no&#8221; background_hover_color=&#8221;rgba(22,23,29,0.8)&#8221; hover_icon=&#8221;magnifier&#8221; images_space=&#8221;gallery_with_space&#8221;][\/vc_column][\/vc_row][vc_row row_type=&#8221;row&#8221; use_row_as_full_screen_section=&#8221;no&#8221; type=&#8221;grid&#8221; text_align=&#8221;left&#8221; css_animation=&#8221;&#8221; box_shadow_on_row=&#8221;no&#8221;][vc_column][vc_empty_space height=&#8221;50px&#8221; image_repeat=&#8221;no-repeat&#8221;]<div class='testimonials_holder clearfix center_align'><div class=\"testimonials testimonials_carousel  image_left \" data-show-navigation=\"yes\" data-show-navigation-arrows=\"no\" data-animation-speed=\"\" data-auto-rotate-slides=\"5\"><ul class=\"slides \"><li id=\"testimonials58695\" class=\"testimonial_content center_align \"><div class = \"testimonial_image_left_holder\" ><div class=\"testimonial_content_inner\"><div class=\"testimonial_text_holder center_align\"><div class=\"testimonial_text_inner\"><p class=\"testimonial_title\" style=\"\"><\/p><p class=\"testimonial_text\" style='font-family:Montserrat!important;font-size:19px;font-style:normal;font-weight:400;line-height:26px;color:#2e2e2e;'>A El\u00e9trico28 foi a MELHOR parceira de neg\u00f3cio que eu podia ter. Super criativos, din\u00e2micos, cumpridores, originais. \r\nTudo que eu penso para o meu neg\u00f3cio e at\u00e9 acho que a El\u00e9trico28 vai me chamar de louca... Eles, o que fazem????? Surpreendem, entendem e concretizam. \r\nMUITOOOOOO obrigada por estarem na minha vida e tamb\u00e9m voc\u00eas fazerem parte do meu sucesso.<\/p><div class=\"testimonial_author_info\"><div class=\"author_name_holder\"><span class=\"testimonial_author\" style=\"color: #ffa400;\">Manuela Tulio<span class=\"testimonials_job below\" style=\"color: #949495;font-size: 12pxpx;\">Hairstylist e Beauty Coach @ N\u00e9 T\u00falio<\/span><\/span><\/div><\/div><\/div><\/div><\/div><\/div><\/li><li id=\"testimonials58512\" class=\"testimonial_content center_align \"><div class = \"testimonial_image_left_holder\" ><div class=\"testimonial_content_inner\"><div class=\"testimonial_text_holder center_align\"><div class=\"testimonial_text_inner\"><p class=\"testimonial_title\" style=\"\"><\/p><p class=\"testimonial_text\" style='font-family:Montserrat!important;font-size:19px;font-style:normal;font-weight:400;line-height:26px;color:#2e2e2e;'>A El\u00e9trico28 entrou na vida da Seaventy h\u00e1 quase 2 anos e tudo melhorou. Desde o rebranding, ao site e todo o tipo de comunica\u00e7\u00e3o, tudo levou o toque especial e profissional da El\u00e9trico28 pelas m\u00e3os e criatividade da Margarida Barreto. Para al\u00e9m dos resultados sempre surpreendentes, o profissionalismo \u00e9 total. Sentimos sempre que a El\u00e9trico28 veste a nossa camisola tal como os nossos colaboradores, estando sempre preocupados com o nosso sucesso, entregando sempre mais do que pedido. Resumindo, \u00e9 um enorme prazer trabalhar diretamente com a El\u00e9trico28 e com a Margarida Barreto e n\u00e3o imaginamos parceria melhor que esta!<\/p><div class=\"testimonial_author_info\"><div class=\"author_name_holder\"><span class=\"testimonial_author\" style=\"color: #ffa400;\">Bernardo Castro<span class=\"testimonials_job below\" style=\"color: #949495;font-size: 12pxpx;\">SEO (Smile Executive Officer) @ Seaventy<\/span><\/span><\/div><\/div><\/div><\/div><\/div><\/div><\/li><li id=\"testimonials58511\" class=\"testimonial_content center_align \"><div class = \"testimonial_image_left_holder\" ><div class=\"testimonial_content_inner\"><div class=\"testimonial_text_holder center_align\"><div class=\"testimonial_text_inner\"><p class=\"testimonial_title\" style=\"\"><\/p><p class=\"testimonial_text\" style='font-family:Montserrat!important;font-size:19px;font-style:normal;font-weight:400;line-height:26px;color:#2e2e2e;'>Se fosse questionado como \u00e9 ter um parceiro como a El\u00e9trico28?\r\n\u00c9 saber que cada expectativa, de ideia, projeto, desafios que surgem, ir\u00e1 ser largamente superado. Que n\u00e3o existe nada que n\u00e3o seja abra\u00e7ado como se fosse um projeto da pr\u00f3pria El\u00e9trico28.\r\n\u00c9 confiar de olhos fechados e saber que n\u00e3o existem imposs\u00edveis.\r\n\u00c9 o verdadeiro significado da palavra Parceria!<\/p><div class=\"testimonial_author_info\"><div class=\"author_name_holder\"><span class=\"testimonial_author\" style=\"color: #ffa400;\">Mariana Neto<span class=\"testimonials_job below\" style=\"color: #949495;font-size: 12pxpx;\">Marketing Specialist @ TCSI-DIGIB\u00c9RIA<\/span><\/span><\/div><\/div><\/div><\/div><\/div><\/div><\/li><li id=\"testimonials58510\" class=\"testimonial_content center_align \"><div class = \"testimonial_image_left_holder\" ><div class=\"testimonial_content_inner\"><div class=\"testimonial_text_holder center_align\"><div class=\"testimonial_text_inner\"><p class=\"testimonial_title\" style=\"\"><\/p><p class=\"testimonial_text\" style='font-family:Montserrat!important;font-size:19px;font-style:normal;font-weight:400;line-height:26px;color:#2e2e2e;'>Excelente trabalho. Para quem precisar de logotipo ou marca nova, n\u00e3o hesite em contactar esta empresa!!<\/p><div class=\"testimonial_author_info\"><div class=\"author_name_holder\"><span class=\"testimonial_author\" style=\"color: #ffa400;\">Alexandra Marques<span class=\"testimonials_job below\" style=\"color: #949495;font-size: 12pxpx;\">Real Estate Agente @ AMazing Houses<\/span><\/span><\/div><\/div><\/div><\/div><\/div><\/div><\/li><\/ul><\/div><\/div>[vc_empty_space height=&#8221;50px&#8221; image_repeat=&#8221;no-repeat&#8221;][\/vc_column][\/vc_row]<\/p>\n","protected":false},"excerpt":{"rendered":"<p>[vc_row row_type=&#8221;row&#8221; use_row_as_full_screen_section=&#8221;no&#8221; type=&#8221;grid&#8221; text_align=&#8221;left&#8221; background_image=&#8221;58572&#8243; padding_top=&#8221;178&#8243; padding_bottom=&#8221;174&#8243; css_animation=&#8221;&#8221; box_shadow_on_row=&#8221;no&#8221; oblique_section=&#8221;no&#8221; triangle_shape=&#8221;no&#8221;][vc_column offset=&#8221;vc_col-lg-8 vc_col-md-9&#8243;][no_elements_holder number_of_columns=&#8221;one_column&#8221;][no_elements_holder_item aligment=&#8221;left&#8221; animation_name=&#8221;grow_in&#8221; advanced_animations=&#8221;no&#8221;][\/no_elements_holder_item][\/no_elements_holder][no_elements_holder number_of_columns=&#8221;one_column&#8221;][no_elements_holder_item aligment=&#8221;left&#8221; animation_name=&#8221;grow_in&#8221; animation_delay=&#8221;800&#8243; advanced_animations=&#8221;no&#8221;][\/no_elements_holder_item][\/no_elements_holder][no_elements_holder number_of_columns=&#8221;one_column&#8221;][no_elements_holder_item aligment=&#8221;left&#8221; animation_name=&#8221;grow_in&#8221; animation_delay=&#8221;1000&#8243; advanced_animations=&#8221;no&#8221;][\/no_elements_holder_item][\/no_elements_holder][\/vc_column][vc_column offset=&#8221;vc_col-lg-4 vc_col-md-3&#8243;][vc_column_text] [\/vc_column_text][\/vc_column][\/vc_row][vc_row row_type=&#8221;row&#8221; use_row_as_full_screen_section=&#8221;no&#8221; type=&#8221;grid&#8221; text_align=&#8221;left&#8221; padding_top=&#8221;55&#8243; padding_bottom=&#8221;1&#8243; css_animation=&#8221;&#8221; box_shadow_on_row=&#8221;no&#8221; oblique_section=&#8221;no&#8221; triangle_shape=&#8221;no&#8221;][vc_column width=&#8221;1\/2&#8243; offset=&#8221;vc_col-lg-3 vc_col-md-6 vc_col-sm-offset-0&#8230;<\/p>\n","protected":false},"author":1,"featured_media":0,"parent":0,"menu_order":0,"comment_status":"closed","ping_status":"closed","template":"full_width.php","meta":{"footnotes":""},"class_list":["post-58432","page","type-page","status-publish","hentry"],"_links":{"self":[{"href":"https:\/\/eletrico28.pt\/pt-pt\/wp-json\/wp\/v2\/pages\/58432"}],"collection":[{"href":"https:\/\/eletrico28.pt\/pt-pt\/wp-json\/wp\/v2\/pages"}],"about":[{"href":"https:\/\/eletrico28.pt\/pt-pt\/wp-json\/wp\/v2\/types\/page"}],"author":[{"embeddable":true,"href":"https:\/\/eletrico28.pt\/pt-pt\/wp-json\/wp\/v2\/users\/1"}],"replies":[{"embeddable":true,"href":"https:\/\/eletrico28.pt\/pt-pt\/wp-json\/wp\/v2\/comments?post=58432"}],"version-history":[{"count":29,"href":"https:\/\/eletrico28.pt\/pt-pt\/wp-json\/wp\/v2\/pages\/58432\/revisions"}],"predecessor-version":[{"id":58888,"href":"https:\/\/eletrico28.pt\/pt-pt\/wp-json\/wp\/v2\/pages\/58432\/revisions\/58888"}],"wp:attachment":[{"href":"https:\/\/eletrico28.pt\/pt-pt\/wp-json\/wp\/v2\/media?parent=58432"}],"curies":[{"name":"wp","href":"https:\/\/api.w.org\/{rel}","templated":true}]}}